{"id":4262,"date":"2019-03-15T19:32:43","date_gmt":"2019-03-15T19:32:43","guid":{"rendered":"https:\/\/www.sixmilesaway.com\/?page_id=4262"},"modified":"2020-11-15T15:15:58","modified_gmt":"2020-11-15T15:15:58","slug":"german-home","status":"publish","type":"page","link":"https:\/\/www.sixmilesaway.com\/de\/","title":{"rendered":"German Home"},"content":{"rendered":"\t<div class=\"img has-hover x md-x lg-x y md-y lg-y\" id=\"image_863341049\">\n\t\t\t\t\t\t\t\t<div class=\"img-inner dark\" >\n\t\t\t<img width=\"5917\" height=\"1671\" src=\"https:\/\/www.sixmilesaway.com\/wp-content\/uploads\/2019\/03\/sixmilesaway-header-copy-1.jpg\" class=\"attachment-original size-original\" alt=\"\" decoding=\"async\" loading=\"lazy\" srcset=\"https:\/\/www.sixmilesaway.com\/wp-content\/uploads\/2019\/03\/sixmilesaway-header-copy-1.jpg 5917w, https:\/\/www.sixmilesaway.com\/wp-content\/uploads\/2019\/03\/sixmilesaway-header-copy-1-300x85.jpg 300w, https:\/\/www.sixmilesaway.com\/wp-content\/uploads\/2019\/03\/sixmilesaway-header-copy-1-768x217.jpg 768w, https:\/\/www.sixmilesaway.com\/wp-content\/uploads\/2019\/03\/sixmilesaway-header-copy-1-1024x289.jpg 1024w\" sizes=\"(max-width: 5917px) 100vw, 5917px\" \/>\t\t\t\t\t\t\n\t\t\t\t\t<\/div>\n\t\t\t\t\t\t\t\t\n<style scope=\"scope\">\n\n#image_863341049 {\n  width: 100%;\n}\n<\/style>\n\t<\/div>\n\t\n<div class=\"gap-element\" style=\"display:block; height:auto; padding-top:30px\" class=\"clearfix\"><\/div>\n<div class=\"container section-title-container\" ><h3 class=\"section-title section-title-center\"><b><\/b><span class=\"section-title-main\" >Das Wichtigste Zuerst<\/span><b><\/b><\/h3><\/div><!-- .section-title -->\n<div class=\"row\"  id=\"row-1786791263\">\n<div class=\"col small-12 large-12\"  ><div class=\"col-inner\"  >\n<p class=\"first-thing\"><a href=\"https:\/\/www.sixmilesaway.com\/de\/ueber-mich\/\"><img decoding=\"async\" src=\"https:\/\/www.sixmilesaway.com\/wp-content\/uploads\/2019\/03\/IMG_4051-2-4-1.jpg\" \/><\/a><br \/>\n<a href=\"https:\/\/www.sixmilesaway.com\/de\/kontakt\/\"><img decoding=\"async\" src=\"https:\/\/www.sixmilesaway.com\/wp-content\/uploads\/2019\/03\/IMG_2366-5-1.jpg\" \/><\/a><\/p>\n<\/div><\/div>\n<\/div>\n<div class=\"container section-title-container\" ><h3 class=\"section-title section-title-center\"><b><\/b><span class=\"section-title-main\" >Neue Beitr\u00e4ge<\/span><b><\/b><\/h3><\/div><!-- .section-title -->\n\n  \n    <div class=\"row large-columns-4 medium-columns-1 small-columns-1\">\n  \t\t<div class=\"col post-item\" >\n\t\t\t<div class=\"col-inner\">\n\t\t\t<a href=\"https:\/\/www.sixmilesaway.com\/de\/lebenshaltungskosten-in-den-niederlanden\/\" class=\"plain\">\n\t\t\t\t<div class=\"box box-bounce box-text-bottom box-blog-post has-hover\">\n            \t\t\t\t\t<div class=\"box-image\" >\n  \t\t\t\t\t\t<div class=\"image-cover\" style=\"padding-top:56.25%;\">\n  \t\t\t\t\t\t\t<img width=\"300\" height=\"225\" src=\"https:\/\/www.sixmilesaway.com\/wp-content\/uploads\/2022\/06\/Day-Trips-from-Amsterdam-to-Volendam-300x225.jpg\" class=\"attachment-medium size-medium wp-post-image\" alt=\"Day-Trips-from-Amsterdam-to-Volendam\" decoding=\"async\" srcset=\"https:\/\/www.sixmilesaway.com\/wp-content\/uploads\/2022\/06\/Day-Trips-from-Amsterdam-to-Volendam-300x225.jpg 300w, https:\/\/www.sixmilesaway.com\/wp-content\/uploads\/2022\/06\/Day-Trips-from-Amsterdam-to-Volendam-768x576.jpg 768w, https:\/\/www.sixmilesaway.com\/wp-content\/uploads\/2022\/06\/Day-Trips-from-Amsterdam-to-Volendam.jpg 1024w\" sizes=\"(max-width: 300px) 100vw, 300px\" \/>  \t\t\t\t\t\t\t  \t\t\t\t\t\t\t  \t\t\t\t\t\t<\/div>\n  \t\t\t\t\t\t  \t\t\t\t\t<\/div><!-- .box-image -->\n          \t\t\t\t\t<div class=\"box-text text-left\" >\n\t\t\t\t\t<div class=\"box-text-inner blog-post-inner\">\n\n\t\t\t\t\t\n\t\t\t\t\t\t\t\t\t\t<h5 class=\"post-title is-larger \">Lebenshaltungskosten in den Niederlanden im \u00dcberblick<\/h5>\n\t\t\t\t\t\t\t\t\t\t<div class=\"is-divider\"><\/div>\n\t\t\t\t\t\t\t\t\t\t<p class=\"from_the_blog_excerpt \">Die Niederlande sind ein beliebtes Ziel f\u00fcr Expats. Aber wie steht es um die Lebenshaltungskosten in den Niederlanden? Kann man sich das Leben dort leisten?\u00a0\t\t\t\t\t<\/p>\n\t\t\t\t\t                    \n\t\t\t\t\t\n\t\t\t\t\t\n\t\t\t\t\t<\/div><!-- .box-text-inner -->\n\t\t\t\t\t<\/div><!-- .box-text -->\n\t\t\t\t\t\t\t\t\t\t\t\t\t\t\t\t<div class=\"badge absolute top post-date badge-outline\">\n\t\t\t\t\t\t\t<div class=\"badge-inner\">\n\t\t\t\t\t\t\t\t<span class=\"post-date-day\">30<\/span><br>\n\t\t\t\t\t\t\t\t<span class=\"post-date-month is-xsmall\">M\u00e4rz<\/span>\n\t\t\t\t\t\t\t<\/div>\n\t\t\t\t\t\t<\/div>\n\t\t\t\t\t\t\t\t\t<\/div><!-- .box -->\n\t\t\t\t<\/a><!-- .link -->\n\t\t\t<\/div><!-- .col-inner -->\n\t\t<\/div><!-- .col -->\n\t\t<div class=\"col post-item\" >\n\t\t\t<div class=\"col-inner\">\n\t\t\t<a href=\"https:\/\/www.sixmilesaway.com\/de\/baby-in-den-niederlanden-kriegen\/\" class=\"plain\">\n\t\t\t\t<div class=\"box box-bounce box-text-bottom box-blog-post has-hover\">\n            \t\t\t\t\t<div class=\"box-image\" >\n  \t\t\t\t\t\t<div class=\"image-cover\" style=\"padding-top:56.25%;\">\n  \t\t\t\t\t\t\t<img width=\"300\" height=\"200\" src=\"https:\/\/www.sixmilesaway.com\/wp-content\/uploads\/2024\/04\/3The-Joy-of-Having-a-Baby-in-the-Netherlands--300x200.jpg\" class=\"attachment-medium size-medium wp-post-image\" alt=\"Having-a-Baby-in-the-Netherlands\" decoding=\"async\" srcset=\"https:\/\/www.sixmilesaway.com\/wp-content\/uploads\/2024\/04\/3The-Joy-of-Having-a-Baby-in-the-Netherlands--300x200.jpg 300w, https:\/\/www.sixmilesaway.com\/wp-content\/uploads\/2024\/04\/3The-Joy-of-Having-a-Baby-in-the-Netherlands--1024x683.jpg 1024w, https:\/\/www.sixmilesaway.com\/wp-content\/uploads\/2024\/04\/3The-Joy-of-Having-a-Baby-in-the-Netherlands--768x512.jpg 768w, https:\/\/www.sixmilesaway.com\/wp-content\/uploads\/2024\/04\/3The-Joy-of-Having-a-Baby-in-the-Netherlands--1536x1024.jpg 1536w, https:\/\/www.sixmilesaway.com\/wp-content\/uploads\/2024\/04\/3The-Joy-of-Having-a-Baby-in-the-Netherlands--2048x1365.jpg 2048w\" sizes=\"(max-width: 300px) 100vw, 300px\" \/>  \t\t\t\t\t\t\t  \t\t\t\t\t\t\t  \t\t\t\t\t\t<\/div>\n  \t\t\t\t\t\t  \t\t\t\t\t<\/div><!-- .box-image -->\n          \t\t\t\t\t<div class=\"box-text text-left\" >\n\t\t\t\t\t<div class=\"box-text-inner blog-post-inner\">\n\n\t\t\t\t\t\n\t\t\t\t\t\t\t\t\t\t<h5 class=\"post-title is-larger \">Ein Baby in den Niederlanden kriegen &#8211; alles was du wissen musst<\/h5>\n\t\t\t\t\t\t\t\t\t\t<div class=\"is-divider\"><\/div>\n\t\t\t\t\t\t\t\t\t\t<p class=\"from_the_blog_excerpt \">Ein Kind in einem fremden Land zu bekommen ist nicht immer einfach. Hier ein kurzer Guide wenn du ein Baby in den Niederlanden kriegen m\u00f6chtest.\t\t\t\t\t<\/p>\n\t\t\t\t\t                    \n\t\t\t\t\t\n\t\t\t\t\t\n\t\t\t\t\t<\/div><!-- .box-text-inner -->\n\t\t\t\t\t<\/div><!-- .box-text -->\n\t\t\t\t\t\t\t\t\t\t\t\t\t\t\t\t<div class=\"badge absolute top post-date badge-outline\">\n\t\t\t\t\t\t\t<div class=\"badge-inner\">\n\t\t\t\t\t\t\t\t<span class=\"post-date-day\">23<\/span><br>\n\t\t\t\t\t\t\t\t<span class=\"post-date-month is-xsmall\">M\u00e4rz<\/span>\n\t\t\t\t\t\t\t<\/div>\n\t\t\t\t\t\t<\/div>\n\t\t\t\t\t\t\t\t\t<\/div><!-- .box -->\n\t\t\t\t<\/a><!-- .link -->\n\t\t\t<\/div><!-- .col-inner -->\n\t\t<\/div><!-- .col -->\n\t\t<div class=\"col post-item\" >\n\t\t\t<div class=\"col-inner\">\n\t\t\t<a href=\"https:\/\/www.sixmilesaway.com\/de\/leben-in-den-niederlanden-im-vergleich-zu-deutschland\/\" class=\"plain\">\n\t\t\t\t<div class=\"box box-bounce box-text-bottom box-blog-post has-hover\">\n            \t\t\t\t\t<div class=\"box-image\" >\n  \t\t\t\t\t\t<div class=\"image-cover\" style=\"padding-top:56.25%;\">\n  \t\t\t\t\t\t\t<img width=\"300\" height=\"225\" src=\"https:\/\/www.sixmilesaway.com\/wp-content\/uploads\/2022\/06\/Day-trips-from-Amsterdam-to-Zaanse-Schaans-1-300x225.jpg\" class=\"attachment-medium size-medium wp-post-image\" alt=\"Day-trips-from-Amsterdam-to-Zaanse-Schaans-1\" decoding=\"async\" srcset=\"https:\/\/www.sixmilesaway.com\/wp-content\/uploads\/2022\/06\/Day-trips-from-Amsterdam-to-Zaanse-Schaans-1-300x225.jpg 300w, https:\/\/www.sixmilesaway.com\/wp-content\/uploads\/2022\/06\/Day-trips-from-Amsterdam-to-Zaanse-Schaans-1-768x576.jpg 768w, https:\/\/www.sixmilesaway.com\/wp-content\/uploads\/2022\/06\/Day-trips-from-Amsterdam-to-Zaanse-Schaans-1.jpg 1024w\" sizes=\"(max-width: 300px) 100vw, 300px\" \/>  \t\t\t\t\t\t\t  \t\t\t\t\t\t\t  \t\t\t\t\t\t<\/div>\n  \t\t\t\t\t\t  \t\t\t\t\t<\/div><!-- .box-image -->\n          \t\t\t\t\t<div class=\"box-text text-left\" >\n\t\t\t\t\t<div class=\"box-text-inner blog-post-inner\">\n\n\t\t\t\t\t\n\t\t\t\t\t\t\t\t\t\t<h5 class=\"post-title is-larger \">Das Leben in den Niederlanden im Vergleich zu Deutschland<\/h5>\n\t\t\t\t\t\t\t\t\t\t<div class=\"is-divider\"><\/div>\n\t\t\t\t\t\t\t\t\t\t<p class=\"from_the_blog_excerpt \">Obwohl Deutschland und die Niederlande Nachbarl\u00e4nder sind, ist das Leben ganz anders. Hier ein pers\u00f6nlicher Vergleich zum Leben in beiden L\u00e4ndern.\t\t\t\t\t<\/p>\n\t\t\t\t\t                    \n\t\t\t\t\t\n\t\t\t\t\t\n\t\t\t\t\t<\/div><!-- .box-text-inner -->\n\t\t\t\t\t<\/div><!-- .box-text -->\n\t\t\t\t\t\t\t\t\t\t\t\t\t\t\t\t<div class=\"badge absolute top post-date badge-outline\">\n\t\t\t\t\t\t\t<div class=\"badge-inner\">\n\t\t\t\t\t\t\t\t<span class=\"post-date-day\">16<\/span><br>\n\t\t\t\t\t\t\t\t<span class=\"post-date-month is-xsmall\">M\u00e4rz<\/span>\n\t\t\t\t\t\t\t<\/div>\n\t\t\t\t\t\t<\/div>\n\t\t\t\t\t\t\t\t\t<\/div><!-- .box -->\n\t\t\t\t<\/a><!-- .link -->\n\t\t\t<\/div><!-- .col-inner -->\n\t\t<\/div><!-- .col -->\n\t\t<div class=\"col post-item\" >\n\t\t\t<div class=\"col-inner\">\n\t\t\t<a href=\"https:\/\/www.sixmilesaway.com\/de\/unternehmensgrundung-in-den-niederlanden\/\" class=\"plain\">\n\t\t\t\t<div class=\"box box-bounce box-text-bottom box-blog-post has-hover\">\n            \t\t\t\t\t<div class=\"box-image\" >\n  \t\t\t\t\t\t<div class=\"image-cover\" style=\"padding-top:56.25%;\">\n  \t\t\t\t\t\t\t<img width=\"300\" height=\"200\" src=\"https:\/\/www.sixmilesaway.com\/wp-content\/uploads\/2024\/04\/1A-Guide-to-starting-a-business-in-the-Netherlands-300x200.jpg\" class=\"attachment-medium size-medium wp-post-image\" alt=\"A Guide to starting a business in the Netherlands\" decoding=\"async\" srcset=\"https:\/\/www.sixmilesaway.com\/wp-content\/uploads\/2024\/04\/1A-Guide-to-starting-a-business-in-the-Netherlands-300x200.jpg 300w, https:\/\/www.sixmilesaway.com\/wp-content\/uploads\/2024\/04\/1A-Guide-to-starting-a-business-in-the-Netherlands-1024x683.jpg 1024w, https:\/\/www.sixmilesaway.com\/wp-content\/uploads\/2024\/04\/1A-Guide-to-starting-a-business-in-the-Netherlands-768x512.jpg 768w, https:\/\/www.sixmilesaway.com\/wp-content\/uploads\/2024\/04\/1A-Guide-to-starting-a-business-in-the-Netherlands-1536x1024.jpg 1536w, https:\/\/www.sixmilesaway.com\/wp-content\/uploads\/2024\/04\/1A-Guide-to-starting-a-business-in-the-Netherlands-2048x1365.jpg 2048w\" sizes=\"(max-width: 300px) 100vw, 300px\" \/>  \t\t\t\t\t\t\t  \t\t\t\t\t\t\t  \t\t\t\t\t\t<\/div>\n  \t\t\t\t\t\t  \t\t\t\t\t<\/div><!-- .box-image -->\n          \t\t\t\t\t<div class=\"box-text text-left\" >\n\t\t\t\t\t<div class=\"box-text-inner blog-post-inner\">\n\n\t\t\t\t\t\n\t\t\t\t\t\t\t\t\t\t<h5 class=\"post-title is-larger \">Guide zur Unternehmensgr\u00fcndung in den Niederlanden<\/h5>\n\t\t\t\t\t\t\t\t\t\t<div class=\"is-divider\"><\/div>\n\t\t\t\t\t\t\t\t\t\t<p class=\"from_the_blog_excerpt \">Erw\u00e4gst du, deinen unternehmerischen Horizont zu erweitern und auf dem europ\u00e4ischen Markt Fu\u00df zu fassen? Die Niederlande sind mit ihrer strategischen Lage, ihrer hoch entwickelten Infrastruktur und ihrem unternehmensfreundlichen Umfeld ein erstklassiges Ziel f\u00fcr Unternehmer und internationale Unternehmen, die sich in Europa niederlassen m\u00f6chten.&nbsp; In diesem Blogbeitrag erl\u00e4utern wir dir\t\t\t\t\t<\/p>\n\t\t\t\t\t                    \n\t\t\t\t\t\n\t\t\t\t\t\n\t\t\t\t\t<\/div><!-- .box-text-inner -->\n\t\t\t\t\t<\/div><!-- .box-text -->\n\t\t\t\t\t\t\t\t\t\t\t\t\t\t\t\t<div class=\"badge absolute top post-date badge-outline\">\n\t\t\t\t\t\t\t<div class=\"badge-inner\">\n\t\t\t\t\t\t\t\t<span class=\"post-date-day\">09<\/span><br>\n\t\t\t\t\t\t\t\t<span class=\"post-date-month is-xsmall\">M\u00e4rz<\/span>\n\t\t\t\t\t\t\t<\/div>\n\t\t\t\t\t\t<\/div>\n\t\t\t\t\t\t\t\t\t<\/div><!-- .box -->\n\t\t\t\t<\/a><!-- .link -->\n\t\t\t<\/div><!-- .col-inner -->\n\t\t<\/div><!-- .col -->\n<\/div>\n<div class=\"container section-title-container\" ><h3 class=\"section-title section-title-center\"><b><\/b><span class=\"section-title-main\" >Neue Abenteuer<\/span><b><\/b><\/h3><\/div><!-- .section-title -->\n<div class=\"row\"  id=\"row-1762542253\">\n<div class=\"col medium-9 small-12 large-9\"  ><div class=\"col-inner\" style=\"margin:0px 0px 0px 0px;\" >\n<div class=\"video video-fit mb\" style=\"padding-top:50%;\"><div class=\"lyte-wrapper\" style=\"width:1280px;max-width:100%;margin:5px;\"><div class=\"lyMe\" id=\"WYL_I_a92vGcU_s\"><div id=\"lyte_I_a92vGcU_s\" data-src=\"https:\/\/www.sixmilesaway.com\/wp-content\/plugins\/wp-youtube-lyte\/lyteCache.php?origThumbUrl=%2F%2Fi.ytimg.com%2Fvi%2FI_a92vGcU_s%2Fhqdefault.jpg\" class=\"pL\"><div class=\"tC\"><div class=\"tT\"><\/div><\/div><div class=\"play\"><\/div><div class=\"ctrl\"><div class=\"Lctrl\"><\/div><div class=\"Rctrl\"><\/div><\/div><\/div><noscript><a href=\"https:\/\/youtu.be\/I_a92vGcU_s\" rel=\"nofollow\"><img src=\"https:\/\/www.sixmilesaway.com\/wp-content\/plugins\/wp-youtube-lyte\/lyteCache.php?origThumbUrl=https%3A%2F%2Fi.ytimg.com%2Fvi%2FI_a92vGcU_s%2F0.jpg\" alt=\"YouTube-Video-Vorschaubild\" width=\"1280\" height=\"700\" \/><br \/>Dieses Video auf YouTube ansehen<\/a><\/noscript><\/div><\/div><div class=\"lL\" style=\"max-width:100%;width:1280px;margin:5px;\"><\/div>\n<\/div>\n<\/div><\/div>\n<div class=\"col medium-3 small-12 large-3\"  ><div class=\"col-inner\"  >\n<div class=\"video video-fit mb\" style=\"padding-top:40%;\"><div class=\"lyte-wrapper\" style=\"width:1280px;max-width:100%;margin:5px;\"><div class=\"lyMe\" id=\"WYL_90chW8-iHOQ\"><div id=\"lyte_90chW8-iHOQ\" data-src=\"https:\/\/www.sixmilesaway.com\/wp-content\/plugins\/wp-youtube-lyte\/lyteCache.php?origThumbUrl=%2F%2Fi.ytimg.com%2Fvi%2F90chW8-iHOQ%2Fhqdefault.jpg\" class=\"pL\"><div class=\"tC\"><div class=\"tT\"><\/div><\/div><div class=\"play\"><\/div><div class=\"ctrl\"><div class=\"Lctrl\"><\/div><div class=\"Rctrl\"><\/div><\/div><\/div><noscript><a href=\"https:\/\/youtu.be\/90chW8-iHOQ\" rel=\"nofollow\"><img src=\"https:\/\/www.sixmilesaway.com\/wp-content\/plugins\/wp-youtube-lyte\/lyteCache.php?origThumbUrl=https%3A%2F%2Fi.ytimg.com%2Fvi%2F90chW8-iHOQ%2F0.jpg\" alt=\"YouTube-Video-Vorschaubild\" width=\"1280\" height=\"700\" \/><br \/>Dieses Video auf YouTube ansehen<\/a><\/noscript><\/div><\/div><div class=\"lL\" style=\"max-width:100%;width:1280px;margin:5px;\"><\/div>\n<\/div>\n<div class=\"video video-fit mb\" style=\"padding-top:40%;\"><div class=\"lyte-wrapper\" style=\"width:1280px;max-width:100%;margin:5px;\"><div class=\"lyMe\" id=\"WYL_irq5ESlosLs\"><div id=\"lyte_irq5ESlosLs\" data-src=\"https:\/\/www.sixmilesaway.com\/wp-content\/plugins\/wp-youtube-lyte\/lyteCache.php?origThumbUrl=%2F%2Fi.ytimg.com%2Fvi%2Firq5ESlosLs%2Fhqdefault.jpg\" class=\"pL\"><div class=\"tC\"><div class=\"tT\"><\/div><\/div><div class=\"play\"><\/div><div class=\"ctrl\"><div class=\"Lctrl\"><\/div><div class=\"Rctrl\"><\/div><\/div><\/div><noscript><a href=\"https:\/\/youtu.be\/irq5ESlosLs\" rel=\"nofollow\"><img src=\"https:\/\/www.sixmilesaway.com\/wp-content\/plugins\/wp-youtube-lyte\/lyteCache.php?origThumbUrl=https%3A%2F%2Fi.ytimg.com%2Fvi%2Firq5ESlosLs%2F0.jpg\" alt=\"YouTube-Video-Vorschaubild\" width=\"1280\" height=\"700\" \/><br \/>Dieses Video auf YouTube ansehen<\/a><\/noscript><\/div><\/div><div class=\"lL\" style=\"max-width:100%;width:1280px;margin:5px;\"><\/div>\n<\/div>\n<div class=\"video video-fit mb\" style=\"padding-top:40%;\"><div class=\"lyte-wrapper\" style=\"width:1280px;max-width:100%;margin:5px;\"><div class=\"lyMe\" id=\"WYL_dGcDpFLOgOc\"><div id=\"lyte_dGcDpFLOgOc\" data-src=\"https:\/\/www.sixmilesaway.com\/wp-content\/plugins\/wp-youtube-lyte\/lyteCache.php?origThumbUrl=%2F%2Fi.ytimg.com%2Fvi%2FdGcDpFLOgOc%2Fhqdefault.jpg\" class=\"pL\"><div class=\"tC\"><div class=\"tT\"><\/div><\/div><div class=\"play\"><\/div><div class=\"ctrl\"><div class=\"Lctrl\"><\/div><div class=\"Rctrl\"><\/div><\/div><\/div><noscript><a href=\"https:\/\/youtu.be\/dGcDpFLOgOc\" rel=\"nofollow\"><img src=\"https:\/\/www.sixmilesaway.com\/wp-content\/plugins\/wp-youtube-lyte\/lyteCache.php?origThumbUrl=https%3A%2F%2Fi.ytimg.com%2Fvi%2FdGcDpFLOgOc%2F0.jpg\" alt=\"YouTube-Video-Vorschaubild\" width=\"1280\" height=\"700\" \/><br \/>Dieses Video auf YouTube ansehen<\/a><\/noscript><\/div><\/div><div class=\"lL\" style=\"max-width:100%;width:1280px;margin:5px;\"><\/div>\n<\/div>\n<\/div><\/div>\n<\/div>\n<div class=\"container section-title-container\" ><h3 class=\"section-title section-title-center\"><b><\/b><span class=\"section-title-main\" >Kostenlose Guides<\/span><b><\/b><\/h3><\/div><!-- .section-title -->\n<div class=\"row\"  id=\"row-1868837347\">\n<div class=\"col medium-4 small-12 large-4\"  ><div class=\"col-inner\"  >\n\t<div class=\"box has-hover has-hover box-overlay dark box-text-bottom\" >\n\n\t\t<div class=\"box-image\" >\n\t\t\t<a href=\"https:\/\/www.sixmilesaway.com\/interactive-city-guides\/\" target=\"_blank\" rel=\"noopener noreferrer\" >\t\t\t<div class=\"\" >\n\t\t\t\t<img width=\"750\" height=\"1000\" src=\"https:\/\/www.sixmilesaway.com\/wp-content\/uploads\/2019\/03\/city-guides-1.jpg\" class=\"attachment- size-\" alt=\"city guides\" decoding=\"async\" loading=\"lazy\" srcset=\"https:\/\/www.sixmilesaway.com\/wp-content\/uploads\/2019\/03\/city-guides-1.jpg 750w, https:\/\/www.sixmilesaway.com\/wp-content\/uploads\/2019\/03\/city-guides-1-225x300.jpg 225w\" sizes=\"(max-width: 750px) 100vw, 750px\" \/>\t\t\t\t<div class=\"overlay\" style=\"background-color:1\"><\/div>\t\t\t\t\t\t\t<\/div>\n\t\t\t<\/a>\t\t<\/div><!-- box-image -->\n\n\t\t<div class=\"box-text text-center\" >\n\t\t\t<div class=\"box-text-inner\">\n\t\t\t\t\n\t\t\t<\/div><!-- box-text-inner -->\n\t\t<\/div><!-- box-text -->\n\t<\/div><!-- .box  -->\n\t\n<\/div><\/div>\n<div class=\"col medium-4 small-12 large-4\"  ><div class=\"col-inner\"  >\n\t<div class=\"box has-hover has-hover box-overlay dark box-text-bottom\" >\n\n\t\t<div class=\"box-image\" >\n\t\t\t\t\t\t<div class=\"\" >\n\t\t\t\t<img width=\"750\" height=\"1000\" src=\"https:\/\/www.sixmilesaway.com\/wp-content\/uploads\/2019\/03\/travel-guides-1.jpg\" class=\"attachment- size-\" alt=\"travel guides\" decoding=\"async\" loading=\"lazy\" srcset=\"https:\/\/www.sixmilesaway.com\/wp-content\/uploads\/2019\/03\/travel-guides-1.jpg 750w, https:\/\/www.sixmilesaway.com\/wp-content\/uploads\/2019\/03\/travel-guides-1-225x300.jpg 225w\" sizes=\"(max-width: 750px) 100vw, 750px\" \/>\t\t\t\t<div class=\"overlay\" style=\"background-color:1\"><\/div>\t\t\t\t\t\t\t<\/div>\n\t\t\t\t\t<\/div><!-- box-image -->\n\n\t\t<div class=\"box-text text-center\" >\n\t\t\t<div class=\"box-text-inner\">\n\t\t\t\t\n\t\t\t<\/div><!-- box-text-inner -->\n\t\t<\/div><!-- box-text -->\n\t<\/div><!-- .box  -->\n\t\n<\/div><\/div>\n<div class=\"col medium-4 small-12 large-4\"  ><div class=\"col-inner\"  >\n\t<div class=\"box has-hover has-hover box-overlay dark box-text-bottom\" >\n\n\t\t<div class=\"box-image\" >\n\t\t\t<a href=\"https:\/\/www.sixmilesaway.com\/expat-guides-moving-abroad\/\" target=\"_blank\" rel=\"noopener noreferrer\" >\t\t\t<div class=\"\" >\n\t\t\t\t<img width=\"1376\" height=\"1834\" src=\"https:\/\/www.sixmilesaway.com\/wp-content\/uploads\/2019\/03\/expat-guides-1.jpg\" class=\"attachment- size-\" alt=\"expat guides\" decoding=\"async\" loading=\"lazy\" srcset=\"https:\/\/www.sixmilesaway.com\/wp-content\/uploads\/2019\/03\/expat-guides-1.jpg 1376w, https:\/\/www.sixmilesaway.com\/wp-content\/uploads\/2019\/03\/expat-guides-1-225x300.jpg 225w, https:\/\/www.sixmilesaway.com\/wp-content\/uploads\/2019\/03\/expat-guides-1-768x1024.jpg 768w\" sizes=\"(max-width: 1376px) 100vw, 1376px\" \/>\t\t\t\t<div class=\"overlay\" style=\"background-color:1\"><\/div>\t\t\t\t\t\t\t<\/div>\n\t\t\t<\/a>\t\t<\/div><!-- box-image -->\n\n\t\t<div class=\"box-text text-center\" >\n\t\t\t<div class=\"box-text-inner\">\n\t\t\t\t\n\t\t\t<\/div><!-- box-text-inner -->\n\t\t<\/div><!-- box-text -->\n\t<\/div><!-- .box  -->\n\t\n<\/div><\/div>\n<\/div>\n<div class=\"container section-title-container\" ><h3 class=\"section-title section-title-center\"><b><\/b><span class=\"section-title-main\" >Instagram<\/span><b><\/b><\/h3><\/div><!-- .section-title -->\n<div class=\"row\"  id=\"row-809941349\">\n<div class=\"col small-12 large-12\"  ><div class=\"col-inner\"  >\n[insta-gallery id=&#8220;1&#8243;]\n<\/div><\/div>\n<\/div>\n\n<div class=\"gap-element\" style=\"display:block; height:auto; padding-top:45px\" class=\"clearfix\"><\/div>\n","protected":false},"excerpt":{"rendered":"","protected":false},"author":1,"featured_media":0,"parent":0,"menu_order":0,"comment_status":"closed","ping_status":"closed","template":"page-blank.php","meta":{"_monsterinsights_skip_tracking":false,"_monsterinsights_sitenote_active":false,"_monsterinsights_sitenote_note":"","_monsterinsights_sitenote_category":0,"_uf_show_specific_survey":0,"_uf_disable_surveys":false,"footnotes":""},"yst_prominent_words":[],"_links":{"self":[{"href":"https:\/\/www.sixmilesaway.com\/de\/wp-json\/wp\/v2\/pages\/4262\/"}],"collection":[{"href":"https:\/\/www.sixmilesaway.com\/de\/wp-json\/wp\/v2\/pages\/"}],"about":[{"href":"https:\/\/www.sixmilesaway.com\/de\/wp-json\/wp\/v2\/types\/page\/"}],"author":[{"embeddable":true,"href":"https:\/\/www.sixmilesaway.com\/de\/wp-json\/wp\/v2\/users\/1\/"}],"replies":[{"embeddable":true,"href":"https:\/\/www.sixmilesaway.com\/de\/wp-json\/wp\/v2\/comments\/?post=4262"}],"version-history":[{"count":5,"href":"https:\/\/www.sixmilesaway.com\/de\/wp-json\/wp\/v2\/pages\/4262\/revisions\/"}],"predecessor-version":[{"id":7653,"href":"https:\/\/www.sixmilesaway.com\/de\/wp-json\/wp\/v2\/pages\/4262\/revisions\/7653\/"}],"wp:attachment":[{"href":"https:\/\/www.sixmilesaway.com\/de\/wp-json\/wp\/v2\/media\/?parent=4262"}],"wp:term":[{"taxonomy":"yst_prominent_words","embeddable":true,"href":"https:\/\/www.sixmilesaway.com\/de\/wp-json\/wp\/v2\/yst_prominent_words\/?post=4262"}],"curies":[{"name":"wp","href":"https:\/\/api.w.org\/{rel}","templated":true}]}}