{"id":4335,"date":"2019-04-08T07:00:26","date_gmt":"2019-04-08T06:00:26","guid":{"rendered":"https:\/\/www.sixmilesaway.com\/?page_id=4335"},"modified":"2020-03-29T00:09:18","modified_gmt":"2020-03-29T00:09:18","slug":"ueber-mich","status":"publish","type":"page","link":"https:\/\/www.sixmilesaway.com\/de\/ueber-mich\/","title":{"rendered":"\u00dcber Mich"},"content":{"rendered":"\n<h2 class=\"wp-block-heading\"><strong>Hello Freunde, ich bin Sixtina!<\/strong><\/h2>\n\n\n\n<p>Ja, du hast richtig gelesen! Sixtina ist mein Name, genau wie die Nummer 16.<\/p>\n\n\n\n<p>Wenn du zu faul bist weiterzulesen, ist hier eine Beschreibung \u00fcber mich in ein paar Worten:<\/p>\n\n\n\n<blockquote class=\"wp-block-quote is-style-large\"><p>Expat. Weltreisender. Freiwilliger. Geschichtenerz\u00e4hler. Innerer Friedenssucher. Naturliebhaber. Verbraucher von allem was essbar ist. Ewiger Lerner.<\/p><\/blockquote>\n\n\n\n<figure class=\"wp-block-image\"><img decoding=\"async\" loading=\"lazy\" width=\"960\" height=\"720\" src=\"https:\/\/www.sixmilesaway.com\/wp-content\/uploads\/2015\/10\/Hello-from-the-cliffs-in-Ireland.jpg\" alt=\"Hello from the cliffs in Ireland\" class=\"wp-image-3726\" srcset=\"https:\/\/www.sixmilesaway.com\/wp-content\/uploads\/2015\/10\/Hello-from-the-cliffs-in-Ireland.jpg 960w, https:\/\/www.sixmilesaway.com\/wp-content\/uploads\/2015\/10\/Hello-from-the-cliffs-in-Ireland-300x225.jpg 300w, https:\/\/www.sixmilesaway.com\/wp-content\/uploads\/2015\/10\/Hello-from-the-cliffs-in-Ireland-768x576.jpg 768w\" sizes=\"(max-width: 960px) 100vw, 960px\" \/><figcaption>Hallo von den Cliffs in Irland<\/figcaption><\/figure>\n\n\n\n<h3 class=\"wp-block-heading\">Aber lasst uns von vorne anfangen\u2026<\/h3>\n\n\n\n<p>Ich bin geb\u00fcrtig aus Deutschland und habe in den 90er Jahren das Licht der Welt erblickt. Als Teenager habe ich ein Jahr an einer amerikanischen High School verbracht, dann 4 Jahre in den Niederlanden studiert, 6 Monate in Mexiko (Auslandssemester) und ein Praktikum in Spanien (Auslandssemester) absolviert. Danach bin ich zum Arbeiten nach Irland gezogen, wo ich auch insgesamt 4 Jahre verbracht habe &#8211; diese Zahl scheint es in sich zu haben oder?<\/p>\n\n\n\n<p>Wie du sehen kannst, habe ich bereits in jungen Jahren meine Erfahrungen im Ausland gemacht. Ich denke, dass das der Grund ist, wieso ich so s\u00fcchtig bin, im Ausland zu leben und zu reisen. Ich mache gerade eine Pause von der Arbeit und verfolge meinen lang ersehnten Traum, eine Weltreise zu machen!<\/p>\n\n\n\n<h3 class=\"wp-block-heading\"><strong>Lustige Fakten<\/strong><\/h3>\n\n\n\n<ol class=\"class-name-here\"><li>Ich komme aus einer kleinen Stadt in Ostdeutschland (Erfurt), wo wir angeblich einen lustigen Akzent haben! Ist das so?<\/li><li>Ich bin ein gro\u00dfer Fan von Horoskopen (lese sie t\u00e4glich\/w\u00f6chentlich) und frage Leute oft direkt nach ihrem Geburtstag, wenn ich sie treffe, damit ich das Horoskop ermitteln kann.<\/li><li>Ich war 13 Jahre lang in einem Karnevalsverein.<\/li><li>Ich gehe sehr gerne in Casinos und hatte w\u00e4hrend meines Aufenthalts in Amsterdam sogar einen Casino Pass.<\/li><li>Ich suche immer in den sozialen Medien nach anderen &#8222;Sixtinas&#8220; in dieser Welt und versuche mich mit ihnen zu treffen.<\/li><li>Ich glaube an Willenskraft, positive Einstellung und Karma. <\/li><li>Wenn es darum geht, dass man krank ist, dann bin ich ein Gegner der Medizin und nehme nie Tabletten. <\/li><li>Ich muss immer Ketchup und Mayo mischen, sonst mag ich es nicht.<\/li><li>Ich habe eine Krankheit namens Wanderlust, die ich eigentlich nicht heilen m\u00f6chte.<\/li><\/ol>\n\n\n\n<p>Noch nicht genug? Schaut euch das Video unten an, um weitere lustige Fakten \u00fcber mich zu erfahren und mich besser kennenzulernen.<\/p>\n\n\n<figure class=\"wp-block-embed-youtube wp-block-embed is-type-video is-provider-youtube wp-embed-aspect-16-9 wp-has-aspect-ratio\"><div class=\"lyte-wrapper\" style=\"width:1280px;max-width:100%;margin:5px;\"><div class=\"lyMe\" id=\"WYL_EMYWSQJachE\"><div id=\"lyte_EMYWSQJachE\" data-src=\"https:\/\/www.sixmilesaway.com\/wp-content\/plugins\/wp-youtube-lyte\/lyteCache.php?origThumbUrl=%2F%2Fi.ytimg.com%2Fvi%2FEMYWSQJachE%2Fhqdefault.jpg\" class=\"pL\"><div class=\"tC\"><div class=\"tT\"><\/div><\/div><div class=\"play\"><\/div><div class=\"ctrl\"><div class=\"Lctrl\"><\/div><div class=\"Rctrl\"><\/div><\/div><\/div><noscript><a href=\"https:\/\/youtu.be\/EMYWSQJachE\" rel=\"nofollow\"><img src=\"https:\/\/www.sixmilesaway.com\/wp-content\/plugins\/wp-youtube-lyte\/lyteCache.php?origThumbUrl=https%3A%2F%2Fi.ytimg.com%2Fvi%2FEMYWSQJachE%2F0.jpg\" alt=\"YouTube-Video-Vorschaubild\" width=\"1280\" height=\"700\" \/><br \/>Dieses Video auf YouTube ansehen<\/a><\/noscript><\/div><\/div><div class=\"lL\" style=\"max-width:100%;width:1280px;margin:5px;\"><\/div><figcaption><\/figcaption><\/figure>\n\n\n<h3 class=\"wp-block-heading\"><strong>FAQ<\/strong><\/h3>\n\n\n\n<p><strong>Bevorzugst du lange oder kurze Reisen?<\/strong><\/p>\n\n\n\n<p>Schwer zu sagen. Nat\u00fcrlich liebe ich beides, aber ich denke, man holt mehr aus langen Reisen heraus. Jedoch werde ich nicht lange genug am Leben sein, um tats\u00e4chlich in jedem Land dieser Erde langfristig gelebt zu haben. <\/p>\n\n\n\n<p>Mein pers\u00f6nliches Ziel ist es jedes Jahr ein neues Land zu besuchen und mindestens zwei neue Orte zu entdecken. Diese m\u00fcssen nicht unbedingt im Ausland sein. Ich bin auch ein gro\u00dfer Bef\u00fcrworter f\u00fcrs Reisen im eigenen Land.<\/p>\n\n\n\n<p><strong>Was war das beste Reiseerlebnis bis jetzt?<\/strong><\/p>\n\n\n\n<p>Zu einer afrikanischen <a rel=\"noreferrer noopener\" aria-label=\"Hochzeit meiner Freundin in S\u00fcdafrika (opens in a new tab)\" href=\"https:\/\/www.sixmilesaway.com\/zulu-girl-south-africa\/\" target=\"_blank\">Hochzeit meiner Freundin in S\u00fcdafrika<\/a> eingeladen zu sein. Mir wurde traditionelle Kleidung des Zulu-Stammes angezogen und ich durfte traditionelle Rituale\/Zeremonien aus der ersten Reihe miterleben. <\/p>\n\n\n\n<figure class=\"wp-block-gallery columns-2 is-cropped wp-block-gallery-1 is-layout-flex wp-block-gallery-is-layout-flex\"><ul class=\"blocks-gallery-grid\"><li class=\"blocks-gallery-item\"><figure><img decoding=\"async\" loading=\"lazy\" width=\"750\" height=\"1000\" src=\"https:\/\/www.sixmilesaway.com\/wp-content\/uploads\/2015\/06\/zulu_girl.jpg\" alt=\"zulu_girl\" data-id=\"3781\" data-link=\"https:\/\/www.sixmilesaway.com\/zulu-girl-south-africa\/zulu_girl-2\/#main\" class=\"wp-image-3781\" srcset=\"https:\/\/www.sixmilesaway.com\/wp-content\/uploads\/2015\/06\/zulu_girl.jpg 750w, https:\/\/www.sixmilesaway.com\/wp-content\/uploads\/2015\/06\/zulu_girl-225x300.jpg 225w\" sizes=\"(max-width: 750px) 100vw, 750px\" \/><\/figure><\/li><li class=\"blocks-gallery-item\"><figure><img decoding=\"async\" loading=\"lazy\" width=\"750\" height=\"1000\" src=\"https:\/\/www.sixmilesaway.com\/wp-content\/uploads\/2015\/06\/zulu_girls.jpg\" alt=\"zulu_girls\" data-id=\"3782\" data-link=\"https:\/\/www.sixmilesaway.com\/zulu-girl-south-africa\/zulu_girls-2\/#main\" class=\"wp-image-3782\" srcset=\"https:\/\/www.sixmilesaway.com\/wp-content\/uploads\/2015\/06\/zulu_girls.jpg 750w, https:\/\/www.sixmilesaway.com\/wp-content\/uploads\/2015\/06\/zulu_girls-225x300.jpg 225w\" sizes=\"(max-width: 750px) 100vw, 750px\" \/><\/figure><\/li><\/ul><\/figure>\n\n\n\n<p>Ein weiteres tolles Reiseerlebnis war der <a href=\"https:\/\/www.sixmilesaway.com\/jodphur-travel-guide\/\" target=\"_blank\" rel=\"noreferrer noopener\" aria-label=\"Besuch eines abgelegenen indischen Dorfes in der N\u00e4he von Jodphur (opens in a new tab)\">Besuch eines abgelegenen indischen Dorfes in der N\u00e4he von Jodphur<\/a>. Da unser Auto nicht mehr ansprang sind wir sogar l\u00e4nger als erwartet dort geblieben. Es war das Beste, was h\u00e4tte passieren k\u00f6nnen.<\/p>\n\n\n\n<figure class=\"wp-block-image\"><img decoding=\"async\" loading=\"lazy\" width=\"960\" height=\"720\" src=\"https:\/\/www.sixmilesaway.com\/wp-content\/uploads\/2019\/04\/Indian-family-in-Potter-House-Jodphur.jpg\" alt=\"\" class=\"wp-image-4466\" srcset=\"https:\/\/www.sixmilesaway.com\/wp-content\/uploads\/2019\/04\/Indian-family-in-Potter-House-Jodphur.jpg 960w, https:\/\/www.sixmilesaway.com\/wp-content\/uploads\/2019\/04\/Indian-family-in-Potter-House-Jodphur-300x225.jpg 300w, https:\/\/www.sixmilesaway.com\/wp-content\/uploads\/2019\/04\/Indian-family-in-Potter-House-Jodphur-768x576.jpg 768w\" sizes=\"(max-width: 960px) 100vw, 960px\" \/><figcaption>Besuch eines abgelegenen Dorfes in Indien<\/figcaption><\/figure>\n\n\n\n<p><strong>Wie hat Reisen mein Leben beeinflusst?<\/strong><\/p>\n\n\n\n<p>Das Reisen und Leben in verschiedenen L\u00e4ndern hat definitiv zu der Person beigetragen, die ich heute bin. Von einem rebellischen Teenager, der immer seinen Willen durchsetzen wollte, intolerant und sehr stur war, zu einer einfach gestrickten Frau, die mehrere Sprachen spricht (weitere werden folgen), aufgeschlossener, toleranter, geduldiger, lustiger und spontaner ist.<\/p>\n\n\n\n<p><strong>Mein Lebensmotto\/Mission?<\/strong><\/p>\n\n\n\n<p>Ich m\u00f6chte gerne die Nachricht verbreiten, dass <strong>die Welt kein be\u00e4ngstigender Ort ist<\/strong>, sondern voller wundersch\u00f6ner Seelen.<\/p>\n\n\n\n<p><a href=\"https:\/\/www.sixmilesaway.com\/nationality-no-luck\/\" target=\"_blank\" rel=\"noreferrer noopener\" aria-label=\"Menschen auf der ganzen Welt sind von Grund auf alle gleich (opens in a new tab)\">Menschen auf der ganzen Welt sind von Grund auf alle gleich<\/a>. Sie leben nur unter verschiedenen Umst\u00e4nden\/Bedingungen. Jedoch teilen wir alle die gleichen grundlegenden Bed\u00fcrfnisse, wie Liebe, verstanden zu werden und einer Gemeinschaft anzugeh\u00f6ren.<\/p>\n\n\n\n<p>Ich m\u00f6chte auch die Nachricht teilen, dass <strong>Reisen nicht teuer sein muss<\/strong>, sondern mit der richtigen Planung bezahlbar ist.<\/p>\n\n\n\n<p>Da ich m\u00f6chte, dass noch m\u00f6glichst viele Menschen f\u00fcr weitere viele Jahre das Vergn\u00fcgen haben die Welt zu bereisen, ist es wichtig, dass wir uns um unseren Planeten k\u00fcmmern. Daher m\u00f6chte ich gerne Tipps und Tricks teilen, wie man nachhaltig reisen kann.<\/p>\n","protected":false},"excerpt":{"rendered":"<p>Six Miles Away ist ein Blog f\u00fcr Expats und Reisende. Es werden Tipps zum Leben im Ausland, sowie nachhaltigen Reisen mit Budget gegeben.<\/p>\n","protected":false},"author":1,"featured_media":0,"parent":0,"menu_order":0,"comment_status":"closed","ping_status":"closed","template":"","meta":{"_monsterinsights_skip_tracking":false,"_monsterinsights_sitenote_active":false,"_monsterinsights_sitenote_note":"","_monsterinsights_sitenote_category":0,"_uf_show_specific_survey":0,"_uf_disable_surveys":false,"footnotes":""},"yst_prominent_words":[2933,2929,2934,478,293,273,2936,538,1050,482,2932,2930,2790,282,1198,2931,269,2928,275,2935],"_links":{"self":[{"href":"https:\/\/www.sixmilesaway.com\/de\/wp-json\/wp\/v2\/pages\/4335\/"}],"collection":[{"href":"https:\/\/www.sixmilesaway.com\/de\/wp-json\/wp\/v2\/pages\/"}],"about":[{"href":"https:\/\/www.sixmilesaway.com\/de\/wp-json\/wp\/v2\/types\/page\/"}],"author":[{"embeddable":true,"href":"https:\/\/www.sixmilesaway.com\/de\/wp-json\/wp\/v2\/users\/1\/"}],"replies":[{"embeddable":true,"href":"https:\/\/www.sixmilesaway.com\/de\/wp-json\/wp\/v2\/comments\/?post=4335"}],"version-history":[{"count":5,"href":"https:\/\/www.sixmilesaway.com\/de\/wp-json\/wp\/v2\/pages\/4335\/revisions\/"}],"predecessor-version":[{"id":7258,"href":"https:\/\/www.sixmilesaway.com\/de\/wp-json\/wp\/v2\/pages\/4335\/revisions\/7258\/"}],"wp:attachment":[{"href":"https:\/\/www.sixmilesaway.com\/de\/wp-json\/wp\/v2\/media\/?parent=4335"}],"wp:term":[{"taxonomy":"yst_prominent_words","embeddable":true,"href":"https:\/\/www.sixmilesaway.com\/de\/wp-json\/wp\/v2\/yst_prominent_words\/?post=4335"}],"curies":[{"name":"wp","href":"https:\/\/api.w.org\/{rel}","templated":true}]}}