{"id":4614,"date":"2019-04-09T11:36:09","date_gmt":"2019-04-09T10:36:09","guid":{"rendered":"https:\/\/www.sixmilesaway.com\/?page_id=4614"},"modified":"2019-04-09T11:37:13","modified_gmt":"2019-04-09T10:37:13","slug":"kontakt","status":"publish","type":"page","link":"https:\/\/www.sixmilesaway.com\/de\/kontakt\/","title":{"rendered":"Kontakt"},"content":{"rendered":"\n<h2 class=\"wp-block-heading\" style=\"text-align:center\"><strong>Lasst uns zusammen arbeiten!<\/strong><\/h2>\n\n\n\n<p style=\"text-align:left\">Zun\u00e4chst einmal vielen Dank f\u00fcr dein Interesse an einer Zusammenarbeit mit mir. Ich bin immer offen f\u00fcr interessante Projekte, Veranstaltungen und Kooperationen. Es macht mir wirklich Spa\u00df, tolle Inhalte und Erfahrungen mit meinen Lesern zu teilen.  Finde heraus, was ich anbieten kann und nach was ich suche. <\/p>\n\n\n\n<p>Sende einfach eine Mail an <a href=\"mailto:contact@www.sixmilesaway.com\">contact@sixmilesaway.com<\/a> um weitere Details zu besprechen.<\/p>\n\n\n\n<h2 class=\"wp-block-heading\"><strong>Was kann ich anbieten?<\/strong><\/h2>\n\n\n\n<p><strong>Gastbeitr\u00e4ge <\/strong>&nbsp;\u2013 Hast du eine Website und ben\u00f6tigst regelm\u00e4\u00dfige Beitr\u00e4ge? Ich schreibe haupts\u00e4chlich \u00fcber mein Leben im Ausland und Orte, die ich bereist habe. <\/p>\n\n\n\n<p><strong>Gesponserte Social Media Beitr\u00e4ge<\/strong> &#8211; Ich freue mich immer \u00fcber gesponserte Instagram-und Blog Beitr\u00e4ge, sowie Instagram Takeovers, um euren Followern zu zeigen, wo ich gerade bin.<\/p>\n\n\n\n<p><strong>Podcast Gast<\/strong> &#8211; Ich teile gerne meine pers\u00f6nlichen Geschichten und Gedanken \u00fcber mein Leben im Ausland und Reisen.<\/p>\n\n\n\n<p><strong>Erstellung digitaler Inhalte<\/strong> &#8211; Ich biete freiberufliche Arbeit beim Erstellen von Videos an. Ich kann entweder vorhandenes Filmmaterial bearbeiten und daraus ein Video erstellen oder ein komplett Neues f\u00fcr dich aufnehmen. <\/p>\n\n\n\n<p><strong>Freiwilligenarbeit<\/strong>&nbsp;\u2013 Ich bin ein gro\u00dfer Fan von ehrenamtlicher Arbeit weil es mir Spa\u00df macht Gutes f\u00fcr die Welt zu tun. Wenn du ein interessantes freiwilliges Projekt hast und Hilfe dabei ben\u00f6tigst, lass es mich wissen.<\/p>\n\n\n\n<h2 class=\"wp-block-heading\"><strong>Wonach suche ich?<\/strong><\/h2>\n\n\n\n<p><strong>Expat Blogger<\/strong> &#8211; Ich bin immer auf der Suche nach tollen Geschichten anderer Expat Blogger. Ich teile diese derzeit in meinem Blog unter &#8222;Expat Stories&#8220;. Au\u00dferdem sind Kollaborationen und Blogbeitr\u00e4ge zu einem ausgew\u00e4hlten Thema, das meine Leser interessiert, immer herzlich willkommen.<\/p>\n\n\n\n<p><strong>Brand Ambassador<\/strong> &#8211; Ich freue mich immer als Markenbotschafter f\u00fcr ein Unternehmen zu fungieren, das ich unterst\u00fctze. Vorzugsweise in der Reisebranche oder im Zusammenhang mit Leben im Ausland.<\/p>\n\n\n\n<p><strong>Affiliate Marketing<\/strong> &#8211; Ich bin bereit Affiliate Links von Produkten und Dienstleistungen zu teilen, die ich selbst genutzt habe und mit denen ich zufrieden war.<\/p>\n\n\n\n<p><strong>Reviews aller Art<\/strong>\u2013 Es kann eine App sein, die sich in der Beta-Phase befindet, ein Produkt, ein Buch, ein Restaurant, ein Hotel, eine Aktivit\u00e4t etc. Ich bin sehr aufgeschlossen und freue mich neue Dinge auszuprobieren, um mein Leben und das meine Leser zu bereichern. Wenn du glaubst, dass du ein passendes Produkt hast schreib mir.<\/p>\n\n\n\n<p><strong>Giveaways<\/strong>&nbsp;\u2013 Ich freue mich relevante (neue) Reiseprodukte in all meinen Social Media Kan\u00e4len zu unterst\u00fctzen, dar\u00fcber zu schreiben und zu verbreiten. <\/p>\n\n\n\n<p><strong>Blogger Events<\/strong>&nbsp;\u2013 Ich lebe derzeit in Irland und suche nach Blogger Events, um mit anderen in Kontakt zu treten und Erfahrungen auszutauschen.<\/p>\n\n\n\n<p><strong>Freiwilligenprojekte<\/strong>&nbsp;&nbsp;\u2013 Die beste &#8222;Arbeit&#8220; der Welt ist, wenn es kostenlos ist und Spa\u00df macht. Ich liebe es, mich freiwillig zu engagieren und suche immer nach tollen freiwilligen Projekten. Wenn du ein interessantes Projekt hast und Hilfe ben\u00f6tigst, lass es mich wissen.<\/p>\n","protected":false},"excerpt":{"rendered":"<p>Lasst uns zusammen arbeiten! Zun\u00e4chst einmal vielen Dank f\u00fcr dein Interesse an einer Zusammenarbeit mit mir. Ich bin immer offen f\u00fcr interessante Projekte, Veranstaltungen und Kooperationen. Es macht mir wirklich Spa\u00df, tolle Inhalte und Erfahrungen mit meinen Lesern zu teilen. Finde heraus, was ich anbieten kann und nach was ich suche. Sende einfach eine Mail<\/p>\n","protected":false},"author":1,"featured_media":0,"parent":0,"menu_order":0,"comment_status":"closed","ping_status":"closed","template":"","meta":{"_monsterinsights_skip_tracking":false,"_monsterinsights_sitenote_active":false,"_monsterinsights_sitenote_note":"","_monsterinsights_sitenote_category":0,"_uf_show_specific_survey":0,"_uf_disable_surveys":false,"footnotes":""},"yst_prominent_words":[],"_links":{"self":[{"href":"https:\/\/www.sixmilesaway.com\/de\/wp-json\/wp\/v2\/pages\/4614\/"}],"collection":[{"href":"https:\/\/www.sixmilesaway.com\/de\/wp-json\/wp\/v2\/pages\/"}],"about":[{"href":"https:\/\/www.sixmilesaway.com\/de\/wp-json\/wp\/v2\/types\/page\/"}],"author":[{"embeddable":true,"href":"https:\/\/www.sixmilesaway.com\/de\/wp-json\/wp\/v2\/users\/1\/"}],"replies":[{"embeddable":true,"href":"https:\/\/www.sixmilesaway.com\/de\/wp-json\/wp\/v2\/comments\/?post=4614"}],"version-history":[{"count":5,"href":"https:\/\/www.sixmilesaway.com\/de\/wp-json\/wp\/v2\/pages\/4614\/revisions\/"}],"predecessor-version":[{"id":4621,"href":"https:\/\/www.sixmilesaway.com\/de\/wp-json\/wp\/v2\/pages\/4614\/revisions\/4621\/"}],"wp:attachment":[{"href":"https:\/\/www.sixmilesaway.com\/de\/wp-json\/wp\/v2\/media\/?parent=4614"}],"wp:term":[{"taxonomy":"yst_prominent_words","embeddable":true,"href":"https:\/\/www.sixmilesaway.com\/de\/wp-json\/wp\/v2\/yst_prominent_words\/?post=4614"}],"curies":[{"name":"wp","href":"https:\/\/api.w.org\/{rel}","templated":true}]}}